{"id":1114,"date":"2024-08-12T09:11:17","date_gmt":"2024-08-12T09:11:17","guid":{"rendered":"https:\/\/fincalafloracion.es\/?post_type=product&#038;p=1114"},"modified":"2024-10-11T17:05:31","modified_gmt":"2024-10-11T17:05:31","slug":"mermelada-artesana-de-melocoton","status":"publish","type":"product","link":"https:\/\/fincalafloracion.es\/en\/product\/mermelada-artesana-de-melocoton\/","title":{"rendered":"Homemade Peach Jam"},"content":{"rendered":"<p>Our artisanal Cieza peach jam is a delicious delicacy made with fresh, juicy peaches grown on the La Floraci\u00f3n farm.<\/p>\n<p>Each jar contains the authentic and natural flavour of Cieza peaches, transformed into a sweet and smooth jam, perfect to enjoy at any time of the day.<\/p>\n<p>&nbsp;<\/p>\n<p><strong>Content:<\/strong> 250 g<\/p>\n<p><strong>Container:<\/strong> Recyclable and reusable glass jar, with an airtight lid to maintain product freshness.<\/p>\n<p><strong>Selling feature:<\/strong> Orders equal to or greater than 50 units have free shipping.<\/p>","protected":false},"excerpt":{"rendered":"<p>Nuestra mermelada artesanal de melocot\u00f3n de Cieza es un delicioso manjar elaborado con melocotones frescos y jugosos cultivados en la finca La Floraci\u00f3n. Cada frasco contiene el sabor aut\u00e9ntico y [&hellip;]<\/p>","protected":false},"featured_media":1116,"comment_status":"closed","ping_status":"closed","template":"","meta":[],"product_brand":[],"product_cat":[25],"product_tag":[],"class_list":{"0":"post-1114","1":"product","2":"type-product","3":"status-publish","4":"has-post-thumbnail","6":"product_cat-huerto","7":"product_shipping_class-mermeladas","9":"first","10":"instock","11":"shipping-taxable","12":"purchasable","13":"product-type-simple"},"_links":{"self":[{"href":"https:\/\/fincalafloracion.es\/en\/wp-json\/wp\/v2\/product\/1114","targetHints":{"allow":["GET"]}}],"collection":[{"href":"https:\/\/fincalafloracion.es\/en\/wp-json\/wp\/v2\/product"}],"about":[{"href":"https:\/\/fincalafloracion.es\/en\/wp-json\/wp\/v2\/types\/product"}],"replies":[{"embeddable":true,"href":"https:\/\/fincalafloracion.es\/en\/wp-json\/wp\/v2\/comments?post=1114"}],"wp:featuredmedia":[{"embeddable":true,"href":"https:\/\/fincalafloracion.es\/en\/wp-json\/wp\/v2\/media\/1116"}],"wp:attachment":[{"href":"https:\/\/fincalafloracion.es\/en\/wp-json\/wp\/v2\/media?parent=1114"}],"wp:term":[{"taxonomy":"product_brand","embeddable":true,"href":"https:\/\/fincalafloracion.es\/en\/wp-json\/wp\/v2\/product_brand?post=1114"},{"taxonomy":"product_cat","embeddable":true,"href":"https:\/\/fincalafloracion.es\/en\/wp-json\/wp\/v2\/product_cat?post=1114"},{"taxonomy":"product_tag","embeddable":true,"href":"https:\/\/fincalafloracion.es\/en\/wp-json\/wp\/v2\/product_tag?post=1114"}],"curies":[{"name":"wp","href":"https:\/\/api.w.org\/{rel}","templated":true}]}}